{"id":79,"date":"2025-02-14T15:27:24","date_gmt":"2025-02-14T18:27:24","guid":{"rendered":"https:\/\/gomize.com.br\/?page_id=79"},"modified":"2025-07-17T16:41:23","modified_gmt":"2025-07-17T19:41:23","slug":"sobre-nos","status":"publish","type":"page","link":"https:\/\/gomize.com.br\/index.php\/sobre-nos\/","title":{"rendered":"Sobre N\u00f3s"},"content":{"rendered":"\t\t<div data-elementor-type=\"wp-page\" data-elementor-id=\"79\" class=\"elementor elementor-79\">\n\t\t\t\t<div class=\"elementor-element elementor-element-7f36885 e-flex e-con-boxed wpr-particle-no wpr-jarallax-no wpr-parallax-no wpr-sticky-section-no e-con e-parent\" data-id=\"7f36885\" data-element_type=\"container\">\n\t\t\t\t\t<div class=\"e-con-inner\">\n\t\t\t\t<div class=\"elementor-element elementor-element-ac2be18 elementor-widget elementor-widget-heading\" data-id=\"ac2be18\" data-element_type=\"widget\" data-widget_type=\"heading.default\">\n\t\t\t\t<div class=\"elementor-widget-container\">\n\t\t\t\t\t<h2 class=\"elementor-heading-title elementor-size-default\">Sobre N\u00f3s<\/h2>\t\t\t\t<\/div>\n\t\t\t\t<\/div>\n\t\t\t\t<div class=\"elementor-element elementor-element-89d7a5d elementor-widget elementor-widget-text-editor\" data-id=\"89d7a5d\" data-element_type=\"widget\" data-widget_type=\"text-editor.default\">\n\t\t\t\t<div class=\"elementor-widget-container\">\n\t\t\t\t\t\t\t\t\t<p>Na Gomize Fibra, acreditamos que uma conex\u00e3o de internet de qualidade \u00e9 essencial para o dia a dia, seja para trabalho, estudo, entretenimento ou para manter contato com quem voc\u00ea ama. H\u00e1 duas d\u00e9cadas, temos o orgulho de ser o principal provedor de internet da sua regi\u00e3o, dedicados a conectar as cidades de Central de Minas, Itabirinha, S\u00e3o Jo\u00e3o do Manteninha e S\u00e3o F\u00e9lix de Minas ao restante do mundo com o que h\u00e1 de mais moderno em tecnologia de fibra \u00f3ptica.<\/p><p>Nossa jornada come\u00e7ou com a vis\u00e3o de levar o melhor da internet para lares e empresas, superando desafios e investindo constantemente em infraestrutura de ponta. Hoje, a Gomize Fibra \u00e9 sin\u00f4nimo de confiabilidade, velocidade e estabilidade. Contamos com uma equipe de profissionais experientes e apaixonados por tecnologia, sempre prontos para oferecer um atendimento de excel\u00eancia e suporte t\u00e9cnico eficiente, garantindo que voc\u00ea tenha a melhor experi\u00eancia de navega\u00e7\u00e3o.<\/p><p>Mais do que apenas um provedor de internet, somos seus parceiros em conectividade. Nosso compromisso \u00e9 com o desenvolvimento da sua regi\u00e3o, facilitando o acesso \u00e0 informa\u00e7\u00e3o, \u00e0 educa\u00e7\u00e3o e \u00e0s oportunidades que o mundo digital oferece. Agradecemos a confian\u00e7a de cada cliente que nos permitiu crescer e nos tornar a refer\u00eancia em conex\u00e3o de internet na nossa comunidade.<\/p><p>Venha para a Gomize Fibra e descubra a diferen\u00e7a de ter uma internet que realmente funciona!<\/p>\t\t\t\t\t\t\t\t<\/div>\n\t\t\t\t<\/div>\n\t\t\t\t\t<\/div>\n\t\t\t\t<\/div>\n\t\t\t\t<\/div>\n\t\t","protected":false},"excerpt":{"rendered":"<p>Sobre N\u00f3s Na Gomize Fibra, acreditamos que uma conex\u00e3o de internet de qualidade \u00e9 essencial para o dia a dia, seja para trabalho, estudo, entretenimento ou para manter contato com quem voc\u00ea ama. H\u00e1 duas d\u00e9cadas, temos o orgulho de ser o principal provedor de internet da sua regi\u00e3o, dedicados a conectar as cidades de Central de Minas, Itabirinha, S\u00e3o Jo\u00e3o do Manteninha e S\u00e3o F\u00e9lix de Minas ao restante do mundo com o que h\u00e1 de mais moderno em tecnologia de fibra \u00f3ptica. Nossa jornada come\u00e7ou com a vis\u00e3o de levar o melhor da internet para lares e empresas, superando desafios e investindo constantemente em infraestrutura de ponta. Hoje, a Gomize Fibra \u00e9 sin\u00f4nimo de confiabilidade, velocidade e estabilidade. Contamos com uma equipe de profissionais experientes e apaixonados por tecnologia, sempre prontos para oferecer um atendimento de excel\u00eancia e suporte t\u00e9cnico eficiente, garantindo que voc\u00ea tenha a melhor experi\u00eancia de navega\u00e7\u00e3o. Mais do que apenas um provedor de internet, somos seus parceiros em conectividade. Nosso compromisso \u00e9 com o desenvolvimento da sua regi\u00e3o, facilitando o acesso \u00e0 informa\u00e7\u00e3o, \u00e0 educa\u00e7\u00e3o e \u00e0s oportunidades que o mundo digital oferece. Agradecemos a confian\u00e7a de cada cliente que nos permitiu crescer e nos tornar a refer\u00eancia em conex\u00e3o de internet na nossa comunidade. Venha para a Gomize Fibra e descubra a diferen\u00e7a de ter uma internet que realmente funciona!<\/p>\n","protected":false},"author":1,"featured_media":0,"parent":0,"menu_order":0,"comment_status":"closed","ping_status":"closed","template":"elementor_header_footer","meta":{"footnotes":""},"class_list":["post-79","page","type-page","status-publish","hentry"],"_links":{"self":[{"href":"https:\/\/gomize.com.br\/index.php\/wp-json\/wp\/v2\/pages\/79","targetHints":{"allow":["GET"]}}],"collection":[{"href":"https:\/\/gomize.com.br\/index.php\/wp-json\/wp\/v2\/pages"}],"about":[{"href":"https:\/\/gomize.com.br\/index.php\/wp-json\/wp\/v2\/types\/page"}],"author":[{"embeddable":true,"href":"https:\/\/gomize.com.br\/index.php\/wp-json\/wp\/v2\/users\/1"}],"replies":[{"embeddable":true,"href":"https:\/\/gomize.com.br\/index.php\/wp-json\/wp\/v2\/comments?post=79"}],"version-history":[{"count":9,"href":"https:\/\/gomize.com.br\/index.php\/wp-json\/wp\/v2\/pages\/79\/revisions"}],"predecessor-version":[{"id":189,"href":"https:\/\/gomize.com.br\/index.php\/wp-json\/wp\/v2\/pages\/79\/revisions\/189"}],"wp:attachment":[{"href":"https:\/\/gomize.com.br\/index.php\/wp-json\/wp\/v2\/media?parent=79"}],"curies":[{"name":"wp","href":"https:\/\/api.w.org\/{rel}","templated":true}]}}