{"id":55,"date":"2025-02-12T11:48:05","date_gmt":"2025-02-12T14:48:05","guid":{"rendered":"https:\/\/gomize.com.br\/?page_id=55"},"modified":"2025-07-17T17:09:56","modified_gmt":"2025-07-17T20:09:56","slug":"contato","status":"publish","type":"page","link":"https:\/\/gomize.com.br\/index.php\/contato\/","title":{"rendered":"Contato"},"content":{"rendered":"\t\t<div data-elementor-type=\"wp-page\" data-elementor-id=\"55\" class=\"elementor elementor-55\">\n\t\t\t\t<div class=\"elementor-element elementor-element-e560f5c e-flex e-con-boxed wpr-particle-no wpr-jarallax-no wpr-parallax-no wpr-sticky-section-no e-con e-parent\" data-id=\"e560f5c\" data-element_type=\"container\">\n\t\t\t\t\t<div class=\"e-con-inner\">\n\t\t\t\t<div class=\"elementor-element elementor-element-9aeafbd elementor-align-center elementor-invisible elementor-widget elementor-widget-button\" data-id=\"9aeafbd\" data-element_type=\"widget\" data-settings=\"{&quot;_animation&quot;:&quot;zoomIn&quot;}\" data-widget_type=\"button.default\">\n\t\t\t\t<div class=\"elementor-widget-container\">\n\t\t\t\t\t\t\t\t\t<div class=\"elementor-button-wrapper\">\n\t\t\t\t\t<a class=\"elementor-button elementor-button-link elementor-size-sm elementor-animation-shrink\" href=\"https:\/\/wa.me\/5533988325809\">\n\t\t\t\t\t\t<span class=\"elementor-button-content-wrapper\">\n\t\t\t\t\t\t<span class=\"elementor-button-icon\">\n\t\t\t\t<i aria-hidden=\"true\" class=\"fab fa-whatsapp\"><\/i>\t\t\t<\/span>\n\t\t\t\t\t\t\t\t\t<span class=\"elementor-button-text\">Entrar em contato<\/span>\n\t\t\t\t\t<\/span>\n\t\t\t\t\t<\/a>\n\t\t\t\t<\/div>\n\t\t\t\t\t\t\t\t<\/div>\n\t\t\t\t<\/div>\n\t\t<div class=\"elementor-element elementor-element-0859ee0 e-con-full e-flex wpr-particle-no wpr-jarallax-no wpr-parallax-no wpr-sticky-section-no elementor-invisible e-con e-child\" data-id=\"0859ee0\" data-element_type=\"container\" data-settings=\"{&quot;background_background&quot;:&quot;classic&quot;,&quot;shape_divider_top&quot;:&quot;curve&quot;,&quot;shape_divider_top_negative&quot;:&quot;yes&quot;,&quot;shape_divider_bottom&quot;:&quot;curve&quot;,&quot;shape_divider_bottom_negative&quot;:&quot;yes&quot;,&quot;animation&quot;:&quot;fadeIn&quot;}\">\n\t\t\t\t<div class=\"elementor-shape elementor-shape-top\" data-negative=\"true\">\n\t\t\t<svg xmlns=\"http:\/\/www.w3.org\/2000\/svg\" viewBox=\"0 0 1000 100\" preserveAspectRatio=\"none\">\n\t<path class=\"elementor-shape-fill\" d=\"M500,97C126.7,96.3,0.8,19.8,0,0v100l1000,0V1C1000,19.4,873.3,97.8,500,97z\"\/>\n<\/svg>\t\t<\/div>\n\t\t\t\t<div class=\"elementor-shape elementor-shape-bottom\" data-negative=\"true\">\n\t\t\t<svg xmlns=\"http:\/\/www.w3.org\/2000\/svg\" viewBox=\"0 0 1000 100\" preserveAspectRatio=\"none\">\n\t<path class=\"elementor-shape-fill\" d=\"M500,97C126.7,96.3,0.8,19.8,0,0v100l1000,0V1C1000,19.4,873.3,97.8,500,97z\"\/>\n<\/svg>\t\t<\/div>\n\t\t\t\t<div class=\"elementor-element elementor-element-877463c elementor-widget elementor-widget-heading\" data-id=\"877463c\" data-element_type=\"widget\" data-widget_type=\"heading.default\">\n\t\t\t\t<div class=\"elementor-widget-container\">\n\t\t\t\t\t<h2 class=\"elementor-heading-title elementor-size-default\">REGI\u00d5ES ATENDIDAS<\/h2>\t\t\t\t<\/div>\n\t\t\t\t<\/div>\n\t\t\t\t<div class=\"elementor-element elementor-element-256de95 elementor-widget elementor-widget-heading\" data-id=\"256de95\" data-element_type=\"widget\" data-widget_type=\"heading.default\">\n\t\t\t\t<div class=\"elementor-widget-container\">\n\t\t\t\t\t<h2 class=\"elementor-heading-title elementor-size-default\">VERIFIQUE A DISPONIBILIDADE DA SUA REGI\u00c3O E CONTRATE AGORA MESMO<\/h2>\t\t\t\t<\/div>\n\t\t\t\t<\/div>\n\t\t<div class=\"elementor-element elementor-element-69c2219 e-grid e-con-full wpr-particle-no wpr-jarallax-no wpr-parallax-no wpr-sticky-section-no e-con e-child\" data-id=\"69c2219\" data-element_type=\"container\">\n\t\t\t\t<div class=\"elementor-element elementor-element-52d6503 elementor-position-top elementor-invisible elementor-widget elementor-widget-image-box\" data-id=\"52d6503\" data-element_type=\"widget\" data-settings=\"{&quot;_animation&quot;:&quot;fadeInUp&quot;}\" data-widget_type=\"image-box.default\">\n\t\t\t\t<div class=\"elementor-widget-container\">\n\t\t\t\t\t<div class=\"elementor-image-box-wrapper\"><figure class=\"elementor-image-box-img\"><img decoding=\"async\" src=\"https:\/\/gomize.com.br\/wp-content\/uploads\/2025\/07\/CENTRAL-01.png\" title=\"CENTRAL 01\" alt=\"CENTRAL 01\" loading=\"lazy\" \/><\/figure><div class=\"elementor-image-box-content\"><h3 class=\"elementor-image-box-title\">Central de Minas<\/h3><p class=\"elementor-image-box-description\">Tel: 33 98832-5809 - email: atendimento@gomize.com.br - \nEndere\u00e7o: Avenida Prefeito Genil Mata da Cruz, 125, Centro<\/p><\/div><\/div>\t\t\t\t<\/div>\n\t\t\t\t<\/div>\n\t\t\t\t<div class=\"elementor-element elementor-element-c4b76ff elementor-position-top elementor-invisible elementor-widget elementor-widget-image-box\" data-id=\"c4b76ff\" data-element_type=\"widget\" data-settings=\"{&quot;_animation&quot;:&quot;fadeInUp&quot;}\" data-widget_type=\"image-box.default\">\n\t\t\t\t<div class=\"elementor-widget-container\">\n\t\t\t\t\t<div class=\"elementor-image-box-wrapper\"><figure class=\"elementor-image-box-img\"><img decoding=\"async\" src=\"https:\/\/gomize.com.br\/wp-content\/uploads\/2025\/07\/SAO-JOAO-01.png\" title=\"S\u00c3O JOAO 01\" alt=\"S\u00c3O JOAO 01\" loading=\"lazy\" \/><\/figure><div class=\"elementor-image-box-content\"><h3 class=\"elementor-image-box-title\">S\u00e3o Jo\u00e3o do Manteninha<\/h3><p class=\"elementor-image-box-description\">Tel: 33 98832-5805 - email: saojoao@gomize.com.br - \nEndere\u00e7o: Pra\u00e7a Jo\u00e3o Batista, 69, Centro<\/p><\/div><\/div>\t\t\t\t<\/div>\n\t\t\t\t<\/div>\n\t\t\t\t<div class=\"elementor-element elementor-element-f0bd54c elementor-position-top elementor-invisible elementor-widget elementor-widget-image-box\" data-id=\"f0bd54c\" data-element_type=\"widget\" data-settings=\"{&quot;_animation&quot;:&quot;fadeInUp&quot;}\" data-widget_type=\"image-box.default\">\n\t\t\t\t<div class=\"elementor-widget-container\">\n\t\t\t\t\t<div class=\"elementor-image-box-wrapper\"><figure class=\"elementor-image-box-img\"><img decoding=\"async\" src=\"https:\/\/gomize.com.br\/wp-content\/uploads\/2025\/07\/ITABIRINHA-01.png\" title=\"ITABIRINHA 01\" alt=\"ITABIRINHA 01\" loading=\"lazy\" \/><\/figure><div class=\"elementor-image-box-content\"><h3 class=\"elementor-image-box-title\">Itabirinha<\/h3><p class=\"elementor-image-box-description\">Tel: 33 3446-0660 - email: itabirinha@gomize.com.br - \nEndere\u00e7o: Avenida Brasil, 913, Centro<\/p><\/div><\/div>\t\t\t\t<\/div>\n\t\t\t\t<\/div>\n\t\t\t\t<div class=\"elementor-element elementor-element-678e6aa elementor-position-top elementor-invisible elementor-widget elementor-widget-image-box\" data-id=\"678e6aa\" data-element_type=\"widget\" data-settings=\"{&quot;_animation&quot;:&quot;fadeInUp&quot;}\" data-widget_type=\"image-box.default\">\n\t\t\t\t<div class=\"elementor-widget-container\">\n\t\t\t\t\t<div class=\"elementor-image-box-wrapper\"><figure class=\"elementor-image-box-img\"><img decoding=\"async\" src=\"https:\/\/gomize.com.br\/wp-content\/uploads\/2025\/07\/SAO-FELIX-01.png\" title=\"S\u00c3O FELIX 01\" alt=\"S\u00c3O FELIX 01\" loading=\"lazy\" \/><\/figure><div class=\"elementor-image-box-content\"><h3 class=\"elementor-image-box-title\">S\u00e3o F\u00e9lix de Minas<\/h3><p class=\"elementor-image-box-description\">Tel: 33 98832-5813 - email: saofelix@gomize.com.br - \nEndere\u00e7o: Rua Frei Inocencio, 283, Centro<\/p><\/div><\/div>\t\t\t\t<\/div>\n\t\t\t\t<\/div>\n\t\t\t\t<\/div>\n\t\t\t\t<\/div>\n\t\t\t\t\t<\/div>\n\t\t\t\t<\/div>\n\t\t\t\t<\/div>\n\t\t","protected":false},"excerpt":{"rendered":"<p>Entrar em contato REGI\u00d5ES ATENDIDAS VERIFIQUE A DISPONIBILIDADE DA SUA REGI\u00c3O E CONTRATE AGORA MESMO Central de Minas Tel: 33 98832-5809 &#8211; email: atendimento@gomize.com.br &#8211; Endere\u00e7o: Avenida Prefeito Genil Mata da Cruz, 125, Centro S\u00e3o Jo\u00e3o do Manteninha Tel: 33 98832-5805 &#8211; email: saojoao@gomize.com.br &#8211; Endere\u00e7o: Pra\u00e7a Jo\u00e3o Batista, 69, Centro Itabirinha Tel: 33 3446-0660 &#8211; email: itabirinha@gomize.com.br &#8211; Endere\u00e7o: Avenida Brasil, 913, Centro S\u00e3o F\u00e9lix de Minas Tel: 33 98832-5813 &#8211; email: saofelix@gomize.com.br &#8211; Endere\u00e7o: Rua Frei Inocencio, 283, Centro<\/p>\n","protected":false},"author":1,"featured_media":0,"parent":0,"menu_order":0,"comment_status":"closed","ping_status":"closed","template":"elementor_header_footer","meta":{"footnotes":""},"class_list":["post-55","page","type-page","status-publish","hentry"],"_links":{"self":[{"href":"https:\/\/gomize.com.br\/index.php\/wp-json\/wp\/v2\/pages\/55","targetHints":{"allow":["GET"]}}],"collection":[{"href":"https:\/\/gomize.com.br\/index.php\/wp-json\/wp\/v2\/pages"}],"about":[{"href":"https:\/\/gomize.com.br\/index.php\/wp-json\/wp\/v2\/types\/page"}],"author":[{"embeddable":true,"href":"https:\/\/gomize.com.br\/index.php\/wp-json\/wp\/v2\/users\/1"}],"replies":[{"embeddable":true,"href":"https:\/\/gomize.com.br\/index.php\/wp-json\/wp\/v2\/comments?post=55"}],"version-history":[{"count":10,"href":"https:\/\/gomize.com.br\/index.php\/wp-json\/wp\/v2\/pages\/55\/revisions"}],"predecessor-version":[{"id":207,"href":"https:\/\/gomize.com.br\/index.php\/wp-json\/wp\/v2\/pages\/55\/revisions\/207"}],"wp:attachment":[{"href":"https:\/\/gomize.com.br\/index.php\/wp-json\/wp\/v2\/media?parent=55"}],"curies":[{"name":"wp","href":"https:\/\/api.w.org\/{rel}","templated":true}]}}